{"id":2,"date":"2022-02-09T12:08:41","date_gmt":"2022-02-09T11:08:41","guid":{"rendered":"https:\/\/www.bodikovo.sk\/?page_id=2"},"modified":"2023-06-09T20:01:11","modified_gmt":"2023-06-09T18:01:11","slug":"ukazka-strany","status":"publish","type":"page","link":"https:\/\/www.bodikovo.sk\/","title":{"rendered":"Vitajte na str\u00e1nkach Bod\u00edkovo!!!"},"content":{"rendered":"\n<p class=\"has-text-align-center\">Pren\u00e1jom dovolenkov\u00e9ho domu pre \u00fa\u010dely rekre\u00e1cie, osl\u00e1v a teambuildingov.<\/p>\n\n\n\n<p class=\"has-text-align-center\"> Pon\u00fakame aj mo\u017enos\u0165 pren\u00e1jmu k\u00e1no\u00ed a objednanie piva Bakal\u00e1\u0159.<\/p>\n\n\n\n<p class=\"has-text-align-center\"><a href=\"https:\/\/www.hauzi.sk\/villa-bodiky\" target=\"_blank\" rel=\"noreferrer noopener\">Rezervova\u0165 tu<\/a>\u00a0<\/p>\n\n\n\n<figure class=\"wp-block-image size-full\"><img loading=\"lazy\" width=\"1024\" height=\"683\" src=\"https:\/\/www.bodikovo.sk\/wp-content\/uploads\/2022\/03\/132752189.jpg\" alt=\"\" class=\"wp-image-68\" srcset=\"https:\/\/www.bodikovo.sk\/wp-content\/uploads\/2022\/03\/132752189.jpg 1024w, https:\/\/www.bodikovo.sk\/wp-content\/uploads\/2022\/03\/132752189-300x200.jpg 300w, https:\/\/www.bodikovo.sk\/wp-content\/uploads\/2022\/03\/132752189-768x512.jpg 768w\" sizes=\"(max-width: 1024px) 100vw, 1024px\" \/><\/figure>\n\n\n\n<figure class=\"wp-block-image size-full\"><img loading=\"lazy\" width=\"1024\" height=\"768\" src=\"https:\/\/www.bodikovo.sk\/wp-content\/uploads\/2022\/05\/image_6483441.jpg\" alt=\"\" class=\"wp-image-113\" srcset=\"https:\/\/www.bodikovo.sk\/wp-content\/uploads\/2022\/05\/image_6483441.jpg 1024w, https:\/\/www.bodikovo.sk\/wp-content\/uploads\/2022\/05\/image_6483441-300x225.jpg 300w, https:\/\/www.bodikovo.sk\/wp-content\/uploads\/2022\/05\/image_6483441-768x576.jpg 768w, https:\/\/www.bodikovo.sk\/wp-content\/uploads\/2022\/05\/image_6483441-124x93.jpg 124w\" sizes=\"(max-width: 1024px) 100vw, 1024px\" \/><\/figure>\n\n\n\n<figure class=\"wp-block-image size-large\"><img loading=\"lazy\" width=\"768\" height=\"1024\" src=\"https:\/\/www.bodikovo.sk\/wp-content\/uploads\/2022\/07\/IMG-3839-768x1024.jpg\" alt=\"\" class=\"wp-image-145\" srcset=\"https:\/\/www.bodikovo.sk\/wp-content\/uploads\/2022\/07\/IMG-3839-768x1024.jpg 768w, https:\/\/www.bodikovo.sk\/wp-content\/uploads\/2022\/07\/IMG-3839-225x300.jpg 225w, https:\/\/www.bodikovo.sk\/wp-content\/uploads\/2022\/07\/IMG-3839-1152x1536.jpg 1152w, https:\/\/www.bodikovo.sk\/wp-content\/uploads\/2022\/07\/IMG-3839-1536x2048.jpg 1536w, https:\/\/www.bodikovo.sk\/wp-content\/uploads\/2022\/07\/IMG-3839-scaled.jpg 1920w\" sizes=\"(max-width: 768px) 100vw, 768px\" \/><\/figure>\n","protected":false},"excerpt":{"rendered":"<p>Pren\u00e1jom dovolenkov\u00e9ho domu pre \u00fa\u010dely rekre\u00e1cie, osl\u00e1v a teambuildingov. Pon\u00fakame aj mo\u017enos\u0165 pren\u00e1jmu k\u00e1no\u00ed a objednanie piva Bakal\u00e1\u0159. Rezervova\u0165 tu\u00a0<\/p>\n","protected":false},"author":1,"featured_media":0,"parent":0,"menu_order":0,"comment_status":"closed","ping_status":"closed","template":"","meta":{"_monsterinsights_skip_tracking":false,"_monsterinsights_sitenote_active":false,"_monsterinsights_sitenote_note":"","_monsterinsights_sitenote_category":0},"yoast_head":"<!-- This site is optimized with the Yoast SEO plugin v18.4.1 - https:\/\/yoast.com\/wordpress\/plugins\/seo\/ -->\n<title>Vitajte na str\u00e1nkach Bod\u00edkovo!!! - BOD\u00cdKOVO<\/title>\n<meta name=\"robots\" content=\"index, follow, max-snippet:-1, max-image-preview:large, max-video-preview:-1\" \/>\n<link rel=\"canonical\" href=\"https:\/\/www.bodikovo.sk\/\" \/>\n<meta property=\"og:locale\" content=\"sk_SK\" \/>\n<meta property=\"og:type\" content=\"article\" \/>\n<meta property=\"og:title\" content=\"Vitajte na str\u00e1nkach Bod\u00edkovo!!! - BOD\u00cdKOVO\" \/>\n<meta property=\"og:description\" content=\"Pren\u00e1jom dovolenkov\u00e9ho domu pre \u00fa\u010dely rekre\u00e1cie, osl\u00e1v a teambuildingov. Pon\u00fakame aj mo\u017enos\u0165 pren\u00e1jmu k\u00e1no\u00ed a objednanie piva Bakal\u00e1\u0159. Rezervova\u0165 tu\u00a0\" \/>\n<meta property=\"og:url\" content=\"https:\/\/www.bodikovo.sk\/\" \/>\n<meta property=\"og:site_name\" content=\"BOD\u00cdKOVO\" \/>\n<meta property=\"article:modified_time\" content=\"2023-06-09T18:01:11+00:00\" \/>\n<meta property=\"og:image\" content=\"https:\/\/www.bodikovo.sk\/wp-content\/uploads\/2022\/03\/132752189.jpg\" \/>\n<meta name=\"twitter:card\" content=\"summary_large_image\" \/>\n<meta name=\"twitter:label1\" content=\"Predpokladan\u00fd \u010das \u010d\u00edtania\" \/>\n\t<meta name=\"twitter:data1\" content=\"1 min\u00fata\" \/>\n<script type=\"application\/ld+json\" class=\"yoast-schema-graph\">{\"@context\":\"https:\/\/schema.org\",\"@graph\":[{\"@type\":\"WebSite\",\"@id\":\"https:\/\/www.bodikovo.sk\/#website\",\"url\":\"https:\/\/www.bodikovo.sk\/\",\"name\":\"BOD\u00cdKOVO\",\"description\":\"Bod\u00edkovo, kto sk\u00fasi, v\u017edy sa vr\u00e1ti!\",\"potentialAction\":[{\"@type\":\"SearchAction\",\"target\":{\"@type\":\"EntryPoint\",\"urlTemplate\":\"https:\/\/www.bodikovo.sk\/?s={search_term_string}\"},\"query-input\":\"required name=search_term_string\"}],\"inLanguage\":\"sk-SK\"},{\"@type\":\"ImageObject\",\"@id\":\"https:\/\/www.bodikovo.sk\/#primaryimage\",\"inLanguage\":\"sk-SK\",\"url\":\"https:\/\/www.bodikovo.sk\/wp-content\/uploads\/2022\/03\/132752189.jpg\",\"contentUrl\":\"https:\/\/www.bodikovo.sk\/wp-content\/uploads\/2022\/03\/132752189.jpg\",\"width\":1024,\"height\":683},{\"@type\":\"WebPage\",\"@id\":\"https:\/\/www.bodikovo.sk\/#webpage\",\"url\":\"https:\/\/www.bodikovo.sk\/\",\"name\":\"Vitajte na str\u00e1nkach Bod\u00edkovo!!! - BOD\u00cdKOVO\",\"isPartOf\":{\"@id\":\"https:\/\/www.bodikovo.sk\/#website\"},\"primaryImageOfPage\":{\"@id\":\"https:\/\/www.bodikovo.sk\/#primaryimage\"},\"datePublished\":\"2022-02-09T11:08:41+00:00\",\"dateModified\":\"2023-06-09T18:01:11+00:00\",\"breadcrumb\":{\"@id\":\"https:\/\/www.bodikovo.sk\/#breadcrumb\"},\"inLanguage\":\"sk-SK\",\"potentialAction\":[{\"@type\":\"ReadAction\",\"target\":[\"https:\/\/www.bodikovo.sk\/\"]}]},{\"@type\":\"BreadcrumbList\",\"@id\":\"https:\/\/www.bodikovo.sk\/#breadcrumb\",\"itemListElement\":[{\"@type\":\"ListItem\",\"position\":1,\"name\":\"Home\",\"item\":\"https:\/\/www.bodikovo.sk\/\"},{\"@type\":\"ListItem\",\"position\":2,\"name\":\"Vitajte na str\u00e1nkach Bod\u00edkovo!!!\"}]}]}<\/script>\n<!-- \/ Yoast SEO plugin. -->","yoast_head_json":{"title":"Vitajte na str\u00e1nkach Bod\u00edkovo!!! - BOD\u00cdKOVO","robots":{"index":"index","follow":"follow","max-snippet":"max-snippet:-1","max-image-preview":"max-image-preview:large","max-video-preview":"max-video-preview:-1"},"canonical":"https:\/\/www.bodikovo.sk\/","og_locale":"sk_SK","og_type":"article","og_title":"Vitajte na str\u00e1nkach Bod\u00edkovo!!! - BOD\u00cdKOVO","og_description":"Pren\u00e1jom dovolenkov\u00e9ho domu pre \u00fa\u010dely rekre\u00e1cie, osl\u00e1v a teambuildingov. Pon\u00fakame aj mo\u017enos\u0165 pren\u00e1jmu k\u00e1no\u00ed a objednanie piva Bakal\u00e1\u0159. Rezervova\u0165 tu\u00a0","og_url":"https:\/\/www.bodikovo.sk\/","og_site_name":"BOD\u00cdKOVO","article_modified_time":"2023-06-09T18:01:11+00:00","og_image":[{"url":"https:\/\/www.bodikovo.sk\/wp-content\/uploads\/2022\/03\/132752189.jpg"}],"twitter_card":"summary_large_image","twitter_misc":{"Predpokladan\u00fd \u010das \u010d\u00edtania":"1 min\u00fata"},"schema":{"@context":"https:\/\/schema.org","@graph":[{"@type":"WebSite","@id":"https:\/\/www.bodikovo.sk\/#website","url":"https:\/\/www.bodikovo.sk\/","name":"BOD\u00cdKOVO","description":"Bod\u00edkovo, kto sk\u00fasi, v\u017edy sa vr\u00e1ti!","potentialAction":[{"@type":"SearchAction","target":{"@type":"EntryPoint","urlTemplate":"https:\/\/www.bodikovo.sk\/?s={search_term_string}"},"query-input":"required name=search_term_string"}],"inLanguage":"sk-SK"},{"@type":"ImageObject","@id":"https:\/\/www.bodikovo.sk\/#primaryimage","inLanguage":"sk-SK","url":"https:\/\/www.bodikovo.sk\/wp-content\/uploads\/2022\/03\/132752189.jpg","contentUrl":"https:\/\/www.bodikovo.sk\/wp-content\/uploads\/2022\/03\/132752189.jpg","width":1024,"height":683},{"@type":"WebPage","@id":"https:\/\/www.bodikovo.sk\/#webpage","url":"https:\/\/www.bodikovo.sk\/","name":"Vitajte na str\u00e1nkach Bod\u00edkovo!!! - BOD\u00cdKOVO","isPartOf":{"@id":"https:\/\/www.bodikovo.sk\/#website"},"primaryImageOfPage":{"@id":"https:\/\/www.bodikovo.sk\/#primaryimage"},"datePublished":"2022-02-09T11:08:41+00:00","dateModified":"2023-06-09T18:01:11+00:00","breadcrumb":{"@id":"https:\/\/www.bodikovo.sk\/#breadcrumb"},"inLanguage":"sk-SK","potentialAction":[{"@type":"ReadAction","target":["https:\/\/www.bodikovo.sk\/"]}]},{"@type":"BreadcrumbList","@id":"https:\/\/www.bodikovo.sk\/#breadcrumb","itemListElement":[{"@type":"ListItem","position":1,"name":"Home","item":"https:\/\/www.bodikovo.sk\/"},{"@type":"ListItem","position":2,"name":"Vitajte na str\u00e1nkach Bod\u00edkovo!!!"}]}]}},"_links":{"self":[{"href":"https:\/\/www.bodikovo.sk\/index.php?rest_route=\/wp\/v2\/pages\/2"}],"collection":[{"href":"https:\/\/www.bodikovo.sk\/index.php?rest_route=\/wp\/v2\/pages"}],"about":[{"href":"https:\/\/www.bodikovo.sk\/index.php?rest_route=\/wp\/v2\/types\/page"}],"author":[{"embeddable":true,"href":"https:\/\/www.bodikovo.sk\/index.php?rest_route=\/wp\/v2\/users\/1"}],"replies":[{"embeddable":true,"href":"https:\/\/www.bodikovo.sk\/index.php?rest_route=%2Fwp%2Fv2%2Fcomments&post=2"}],"version-history":[{"count":5,"href":"https:\/\/www.bodikovo.sk\/index.php?rest_route=\/wp\/v2\/pages\/2\/revisions"}],"predecessor-version":[{"id":173,"href":"https:\/\/www.bodikovo.sk\/index.php?rest_route=\/wp\/v2\/pages\/2\/revisions\/173"}],"wp:attachment":[{"href":"https:\/\/www.bodikovo.sk\/index.php?rest_route=%2Fwp%2Fv2%2Fmedia&parent=2"}],"curies":[{"name":"wp","href":"https:\/\/api.w.org\/{rel}","templated":true}]}}