{"id":22,"date":"2022-02-12T18:34:25","date_gmt":"2022-02-12T17:34:25","guid":{"rendered":"https:\/\/www.bodikovo.sk\/?page_id=22"},"modified":"2022-12-31T10:34:03","modified_gmt":"2022-12-31T09:34:03","slug":"rekreacia","status":"publish","type":"page","link":"https:\/\/www.bodikovo.sk\/?page_id=22","title":{"rendered":"Rekre\u00e1cia a pren\u00e1jom k\u00e1no\u00ed"},"content":{"rendered":"\n<p>Mo\u017enos\u0165 rekrea\u010dn\u00fdch \u0161portov: vodn\u00e1 turistika, cyklistika, turistika v ju\u017en\u00fdch lesoch, pl\u00e1vanie v ramen\u00e1ch Dunaja alebo na materi\u00e1lovej jame na komunitnej pl\u00e1\u017ei \u0160uliansk\u00e9 jazero. Pren\u00e1jom k\u00e1noi\u00ed prednostne pre ubytovan\u00fdch host\u00ed pr\u00edpadne s lektorom, mo\u017enos\u0165 viacer\u00fdch okruhov aj pre \u00fapln\u00fdch amat\u00e9rov. Vi\u010f foto.&nbsp;<\/p>\n\n\n\n<figure class=\"wp-block-gallery has-nested-images columns-default is-cropped\">\n<figure class=\"wp-block-image size-large\"><img loading=\"lazy\" width=\"1024\" height=\"768\" data-id=\"113\"  src=\"https:\/\/www.bodikovo.sk\/wp-content\/uploads\/2022\/05\/image_6483441.jpg\" alt=\"\" class=\"wp-image-113\" srcset=\"https:\/\/www.bodikovo.sk\/wp-content\/uploads\/2022\/05\/image_6483441.jpg 1024w, https:\/\/www.bodikovo.sk\/wp-content\/uploads\/2022\/05\/image_6483441-300x225.jpg 300w, https:\/\/www.bodikovo.sk\/wp-content\/uploads\/2022\/05\/image_6483441-768x576.jpg 768w, https:\/\/www.bodikovo.sk\/wp-content\/uploads\/2022\/05\/image_6483441-124x93.jpg 124w\" sizes=\"(max-width: 1024px) 100vw, 1024px\" \/><\/figure>\n<\/figure>\n\n\n\n<figure class=\"wp-block-gallery has-nested-images columns-default is-cropped\">\n<figure class=\"wp-block-image size-large\"><img loading=\"lazy\" width=\"1024\" height=\"768\" data-id=\"114\"  src=\"https:\/\/www.bodikovo.sk\/wp-content\/uploads\/2022\/05\/image_6483441-1-1024x768.jpg\" alt=\"\" class=\"wp-image-114\" srcset=\"https:\/\/www.bodikovo.sk\/wp-content\/uploads\/2022\/05\/image_6483441-1-1024x768.jpg 1024w, https:\/\/www.bodikovo.sk\/wp-content\/uploads\/2022\/05\/image_6483441-1-300x225.jpg 300w, https:\/\/www.bodikovo.sk\/wp-content\/uploads\/2022\/05\/image_6483441-1-768x576.jpg 768w, https:\/\/www.bodikovo.sk\/wp-content\/uploads\/2022\/05\/image_6483441-1-1536x1152.jpg 1536w, https:\/\/www.bodikovo.sk\/wp-content\/uploads\/2022\/05\/image_6483441-1-124x93.jpg 124w, https:\/\/www.bodikovo.sk\/wp-content\/uploads\/2022\/05\/image_6483441-1.jpg 1600w\" sizes=\"(max-width: 1024px) 100vw, 1024px\" \/><\/figure>\n<\/figure>\n\n\n\n<figure class=\"wp-block-gallery has-nested-images columns-default is-cropped\">\n<figure class=\"wp-block-image size-large\"><img loading=\"lazy\" width=\"1024\" height=\"768\" data-id=\"124\"  src=\"https:\/\/www.bodikovo.sk\/wp-content\/uploads\/2022\/05\/IMG-4860-1-1024x768.jpg\" alt=\"\" class=\"wp-image-124\" srcset=\"https:\/\/www.bodikovo.sk\/wp-content\/uploads\/2022\/05\/IMG-4860-1-1024x768.jpg 1024w, https:\/\/www.bodikovo.sk\/wp-content\/uploads\/2022\/05\/IMG-4860-1-300x225.jpg 300w, https:\/\/www.bodikovo.sk\/wp-content\/uploads\/2022\/05\/IMG-4860-1-768x576.jpg 768w, https:\/\/www.bodikovo.sk\/wp-content\/uploads\/2022\/05\/IMG-4860-1-1536x1152.jpg 1536w, https:\/\/www.bodikovo.sk\/wp-content\/uploads\/2022\/05\/IMG-4860-1-124x93.jpg 124w, https:\/\/www.bodikovo.sk\/wp-content\/uploads\/2022\/05\/IMG-4860-1.jpg 1600w\" sizes=\"(max-width: 1024px) 100vw, 1024px\" \/><\/figure>\n<\/figure>\n\n\n\n<figure class=\"wp-block-gallery has-nested-images columns-default is-cropped\">\n<figure class=\"wp-block-image size-large\"><img loading=\"lazy\" width=\"1024\" height=\"768\" data-id=\"125\"  src=\"https:\/\/www.bodikovo.sk\/wp-content\/uploads\/2022\/05\/IMG-4858-1-1024x768.jpg\" alt=\"\" class=\"wp-image-125\" srcset=\"https:\/\/www.bodikovo.sk\/wp-content\/uploads\/2022\/05\/IMG-4858-1-1024x768.jpg 1024w, https:\/\/www.bodikovo.sk\/wp-content\/uploads\/2022\/05\/IMG-4858-1-300x225.jpg 300w, https:\/\/www.bodikovo.sk\/wp-content\/uploads\/2022\/05\/IMG-4858-1-768x576.jpg 768w, https:\/\/www.bodikovo.sk\/wp-content\/uploads\/2022\/05\/IMG-4858-1-1536x1152.jpg 1536w, https:\/\/www.bodikovo.sk\/wp-content\/uploads\/2022\/05\/IMG-4858-1-124x93.jpg 124w, https:\/\/www.bodikovo.sk\/wp-content\/uploads\/2022\/05\/IMG-4858-1.jpg 1600w\" sizes=\"(max-width: 1024px) 100vw, 1024px\" \/><\/figure>\n<\/figure>\n\n\n\n<figure class=\"wp-block-gallery has-nested-images columns-default is-cropped\">\n<figure class=\"wp-block-image size-large\"><img loading=\"lazy\" width=\"1024\" height=\"768\" data-id=\"126\"  src=\"https:\/\/www.bodikovo.sk\/wp-content\/uploads\/2022\/05\/IMG-4857-2-1-1024x768.jpg\" alt=\"\" class=\"wp-image-126\" srcset=\"https:\/\/www.bodikovo.sk\/wp-content\/uploads\/2022\/05\/IMG-4857-2-1-1024x768.jpg 1024w, https:\/\/www.bodikovo.sk\/wp-content\/uploads\/2022\/05\/IMG-4857-2-1-300x225.jpg 300w, https:\/\/www.bodikovo.sk\/wp-content\/uploads\/2022\/05\/IMG-4857-2-1-768x576.jpg 768w, https:\/\/www.bodikovo.sk\/wp-content\/uploads\/2022\/05\/IMG-4857-2-1-1536x1152.jpg 1536w, https:\/\/www.bodikovo.sk\/wp-content\/uploads\/2022\/05\/IMG-4857-2-1-124x93.jpg 124w, https:\/\/www.bodikovo.sk\/wp-content\/uploads\/2022\/05\/IMG-4857-2-1.jpg 1600w\" sizes=\"(max-width: 1024px) 100vw, 1024px\" \/><\/figure>\n<\/figure>\n\n\n\n<figure class=\"wp-block-gallery has-nested-images columns-default is-cropped\">\n<figure class=\"wp-block-image size-large\"><img loading=\"lazy\" width=\"576\" height=\"1024\" data-id=\"127\"  src=\"https:\/\/www.bodikovo.sk\/wp-content\/uploads\/2022\/05\/IMG-4856-1-1-576x1024.jpg\" alt=\"\" class=\"wp-image-127\" srcset=\"https:\/\/www.bodikovo.sk\/wp-content\/uploads\/2022\/05\/IMG-4856-1-1-576x1024.jpg 576w, https:\/\/www.bodikovo.sk\/wp-content\/uploads\/2022\/05\/IMG-4856-1-1-169x300.jpg 169w, https:\/\/www.bodikovo.sk\/wp-content\/uploads\/2022\/05\/IMG-4856-1-1-768x1365.jpg 768w, https:\/\/www.bodikovo.sk\/wp-content\/uploads\/2022\/05\/IMG-4856-1-1-864x1536.jpg 864w, https:\/\/www.bodikovo.sk\/wp-content\/uploads\/2022\/05\/IMG-4856-1-1.jpg 900w\" sizes=\"(max-width: 576px) 100vw, 576px\" \/><\/figure>\n<\/figure>\n\n\n\n<figure class=\"wp-block-gallery has-nested-images columns-default is-cropped\">\n<figure class=\"wp-block-image size-large\"><img loading=\"lazy\" width=\"1024\" height=\"768\" data-id=\"128\"  src=\"https:\/\/www.bodikovo.sk\/wp-content\/uploads\/2022\/05\/f1ed071e-edc9-4b3c-aa7b-78d91bef02e1-1.jpg\" alt=\"\" class=\"wp-image-128\" srcset=\"https:\/\/www.bodikovo.sk\/wp-content\/uploads\/2022\/05\/f1ed071e-edc9-4b3c-aa7b-78d91bef02e1-1.jpg 1024w, https:\/\/www.bodikovo.sk\/wp-content\/uploads\/2022\/05\/f1ed071e-edc9-4b3c-aa7b-78d91bef02e1-1-300x225.jpg 300w, https:\/\/www.bodikovo.sk\/wp-content\/uploads\/2022\/05\/f1ed071e-edc9-4b3c-aa7b-78d91bef02e1-1-768x576.jpg 768w, https:\/\/www.bodikovo.sk\/wp-content\/uploads\/2022\/05\/f1ed071e-edc9-4b3c-aa7b-78d91bef02e1-1-124x93.jpg 124w\" sizes=\"(max-width: 1024px) 100vw, 1024px\" \/><\/figure>\n<\/figure>\n\n\n\n<figure class=\"wp-block-gallery has-nested-images columns-default is-cropped\">\n<figure class=\"wp-block-image size-large\"><img loading=\"lazy\" width=\"1024\" height=\"768\" data-id=\"129\"  src=\"https:\/\/www.bodikovo.sk\/wp-content\/uploads\/2022\/05\/b5a76fa0-6b10-4e1d-bc6b-328ec2a6e568-1.jpg\" alt=\"\" class=\"wp-image-129\" srcset=\"https:\/\/www.bodikovo.sk\/wp-content\/uploads\/2022\/05\/b5a76fa0-6b10-4e1d-bc6b-328ec2a6e568-1.jpg 1024w, https:\/\/www.bodikovo.sk\/wp-content\/uploads\/2022\/05\/b5a76fa0-6b10-4e1d-bc6b-328ec2a6e568-1-300x225.jpg 300w, https:\/\/www.bodikovo.sk\/wp-content\/uploads\/2022\/05\/b5a76fa0-6b10-4e1d-bc6b-328ec2a6e568-1-768x576.jpg 768w, https:\/\/www.bodikovo.sk\/wp-content\/uploads\/2022\/05\/b5a76fa0-6b10-4e1d-bc6b-328ec2a6e568-1-124x93.jpg 124w\" sizes=\"(max-width: 1024px) 100vw, 1024px\" \/><\/figure>\n<\/figure>\n\n\n\n<figure class=\"wp-block-gallery has-nested-images columns-default is-cropped\">\n<figure class=\"wp-block-image size-large\"><img loading=\"lazy\" width=\"1024\" height=\"768\" data-id=\"130\"  src=\"https:\/\/www.bodikovo.sk\/wp-content\/uploads\/2022\/05\/3cebcc88-1a37-445e-8bcf-293e56bbae76-1.jpg\" alt=\"\" class=\"wp-image-130\" srcset=\"https:\/\/www.bodikovo.sk\/wp-content\/uploads\/2022\/05\/3cebcc88-1a37-445e-8bcf-293e56bbae76-1.jpg 1024w, https:\/\/www.bodikovo.sk\/wp-content\/uploads\/2022\/05\/3cebcc88-1a37-445e-8bcf-293e56bbae76-1-300x225.jpg 300w, https:\/\/www.bodikovo.sk\/wp-content\/uploads\/2022\/05\/3cebcc88-1a37-445e-8bcf-293e56bbae76-1-768x576.jpg 768w, https:\/\/www.bodikovo.sk\/wp-content\/uploads\/2022\/05\/3cebcc88-1a37-445e-8bcf-293e56bbae76-1-124x93.jpg 124w\" sizes=\"(max-width: 1024px) 100vw, 1024px\" \/><\/figure>\n<\/figure>\n\n\n\n<figure class=\"wp-block-image size-large\"><img loading=\"lazy\" width=\"768\" height=\"1024\" src=\"https:\/\/www.bodikovo.sk\/wp-content\/uploads\/2022\/05\/IMG-0226-1-768x1024.jpg\" alt=\"\" class=\"wp-image-135\" srcset=\"https:\/\/www.bodikovo.sk\/wp-content\/uploads\/2022\/05\/IMG-0226-1-768x1024.jpg 768w, https:\/\/www.bodikovo.sk\/wp-content\/uploads\/2022\/05\/IMG-0226-1-225x300.jpg 225w, https:\/\/www.bodikovo.sk\/wp-content\/uploads\/2022\/05\/IMG-0226-1-1152x1536.jpg 1152w, https:\/\/www.bodikovo.sk\/wp-content\/uploads\/2022\/05\/IMG-0226-1-1536x2048.jpg 1536w, https:\/\/www.bodikovo.sk\/wp-content\/uploads\/2022\/05\/IMG-0226-1-scaled.jpg 1920w\" sizes=\"(max-width: 768px) 100vw, 768px\" \/><\/figure>\n\n\n\n<figure class=\"wp-block-image size-large\"><img loading=\"lazy\" width=\"1024\" height=\"576\" src=\"https:\/\/www.bodikovo.sk\/wp-content\/uploads\/2022\/05\/9678178e-31a3-47e8-bdef-d6b7ac0b0c61-1-1024x576.jpg\" alt=\"\" class=\"wp-image-137\" srcset=\"https:\/\/www.bodikovo.sk\/wp-content\/uploads\/2022\/05\/9678178e-31a3-47e8-bdef-d6b7ac0b0c61-1-1024x576.jpg 1024w, https:\/\/www.bodikovo.sk\/wp-content\/uploads\/2022\/05\/9678178e-31a3-47e8-bdef-d6b7ac0b0c61-1-300x169.jpg 300w, https:\/\/www.bodikovo.sk\/wp-content\/uploads\/2022\/05\/9678178e-31a3-47e8-bdef-d6b7ac0b0c61-1-768x432.jpg 768w, https:\/\/www.bodikovo.sk\/wp-content\/uploads\/2022\/05\/9678178e-31a3-47e8-bdef-d6b7ac0b0c61-1-1536x864.jpg 1536w, https:\/\/www.bodikovo.sk\/wp-content\/uploads\/2022\/05\/9678178e-31a3-47e8-bdef-d6b7ac0b0c61-1.jpg 1920w\" sizes=\"(max-width: 1024px) 100vw, 1024px\" \/><\/figure>\n","protected":false},"excerpt":{"rendered":"<p>Mo\u017enos\u0165 rekrea\u010dn\u00fdch \u0161portov: vodn\u00e1 turistika, cyklistika, turistika v ju\u017en\u00fdch lesoch, pl\u00e1vanie v ramen\u00e1ch Dunaja alebo na materi\u00e1lovej jame na komunitnej pl\u00e1\u017ei \u0160uliansk\u00e9 jazero. Pren\u00e1jom k\u00e1noi\u00ed prednostne pre ubytovan\u00fdch host\u00ed pr\u00edpadne<\/p>\n<p class=\"more-link\"><a href=\"https:\/\/www.bodikovo.sk\/?page_id=22\" class=\"readmore\">Continue reading<svg class=\"icon icon-arrow-right\" aria-hidden=\"true\" role=\"img\"> <use href=\"#icon-arrow-right\" xlink:href=\"#icon-arrow-right\"><\/use> <\/svg><span class=\"screen-reader-text\">Rekre\u00e1cia a pren\u00e1jom k\u00e1no\u00ed<\/span><\/a><\/p>\n","protected":false},"author":1,"featured_media":0,"parent":0,"menu_order":0,"comment_status":"closed","ping_status":"closed","template":"","meta":{"_monsterinsights_skip_tracking":false,"_monsterinsights_sitenote_active":false,"_monsterinsights_sitenote_note":"","_monsterinsights_sitenote_category":0},"yoast_head":"<!-- This site is optimized with the Yoast SEO plugin v18.4.1 - https:\/\/yoast.com\/wordpress\/plugins\/seo\/ -->\n<title>Rekre\u00e1cia a pren\u00e1jom k\u00e1no\u00ed - BOD\u00cdKOVO<\/title>\n<meta name=\"description\" content=\"BOD\u00cdKOVO Rekre\u00e1cia a pren\u00e1jom k\u00e1no\u00ed\" \/>\n<meta name=\"robots\" content=\"index, follow, max-snippet:-1, max-image-preview:large, max-video-preview:-1\" \/>\n<link rel=\"canonical\" href=\"https:\/\/www.bodikovo.sk\/?page_id=22\" \/>\n<meta property=\"og:locale\" content=\"sk_SK\" \/>\n<meta property=\"og:type\" content=\"article\" \/>\n<meta property=\"og:title\" content=\"Rekre\u00e1cia a pren\u00e1jom k\u00e1no\u00ed - BOD\u00cdKOVO\" \/>\n<meta property=\"og:description\" content=\"BOD\u00cdKOVO Rekre\u00e1cia a pren\u00e1jom k\u00e1no\u00ed\" \/>\n<meta property=\"og:url\" content=\"https:\/\/www.bodikovo.sk\/?page_id=22\" \/>\n<meta property=\"og:site_name\" content=\"BOD\u00cdKOVO\" \/>\n<meta property=\"article:modified_time\" content=\"2022-12-31T09:34:03+00:00\" \/>\n<meta name=\"twitter:card\" content=\"summary_large_image\" \/>\n<meta name=\"twitter:label1\" content=\"Predpokladan\u00fd \u010das \u010d\u00edtania\" \/>\n\t<meta name=\"twitter:data1\" content=\"3 min\u00faty\" \/>\n<script type=\"application\/ld+json\" class=\"yoast-schema-graph\">{\"@context\":\"https:\/\/schema.org\",\"@graph\":[{\"@type\":\"WebSite\",\"@id\":\"https:\/\/www.bodikovo.sk\/#website\",\"url\":\"https:\/\/www.bodikovo.sk\/\",\"name\":\"BOD\u00cdKOVO\",\"description\":\"Bod\u00edkovo, kto sk\u00fasi, v\u017edy sa vr\u00e1ti!\",\"potentialAction\":[{\"@type\":\"SearchAction\",\"target\":{\"@type\":\"EntryPoint\",\"urlTemplate\":\"https:\/\/www.bodikovo.sk\/?s={search_term_string}\"},\"query-input\":\"required name=search_term_string\"}],\"inLanguage\":\"sk-SK\"},{\"@type\":\"ImageObject\",\"@id\":\"https:\/\/www.bodikovo.sk\/?page_id=22#primaryimage\",\"inLanguage\":\"sk-SK\",\"url\":\"\",\"contentUrl\":\"\"},{\"@type\":\"WebPage\",\"@id\":\"https:\/\/www.bodikovo.sk\/?page_id=22#webpage\",\"url\":\"https:\/\/www.bodikovo.sk\/?page_id=22\",\"name\":\"Rekre\u00e1cia a pren\u00e1jom k\u00e1no\u00ed - BOD\u00cdKOVO\",\"isPartOf\":{\"@id\":\"https:\/\/www.bodikovo.sk\/#website\"},\"primaryImageOfPage\":{\"@id\":\"https:\/\/www.bodikovo.sk\/?page_id=22#primaryimage\"},\"datePublished\":\"2022-02-12T17:34:25+00:00\",\"dateModified\":\"2022-12-31T09:34:03+00:00\",\"description\":\"BOD\u00cdKOVO Rekre\u00e1cia a pren\u00e1jom k\u00e1no\u00ed\",\"breadcrumb\":{\"@id\":\"https:\/\/www.bodikovo.sk\/?page_id=22#breadcrumb\"},\"inLanguage\":\"sk-SK\",\"potentialAction\":[{\"@type\":\"ReadAction\",\"target\":[\"https:\/\/www.bodikovo.sk\/?page_id=22\"]}]},{\"@type\":\"BreadcrumbList\",\"@id\":\"https:\/\/www.bodikovo.sk\/?page_id=22#breadcrumb\",\"itemListElement\":[{\"@type\":\"ListItem\",\"position\":1,\"name\":\"Home\",\"item\":\"https:\/\/www.bodikovo.sk\/\"},{\"@type\":\"ListItem\",\"position\":2,\"name\":\"Rekre\u00e1cia a pren\u00e1jom k\u00e1no\u00ed\"}]}]}<\/script>\n<!-- \/ Yoast SEO plugin. -->","yoast_head_json":{"title":"Rekre\u00e1cia a pren\u00e1jom k\u00e1no\u00ed - BOD\u00cdKOVO","description":"BOD\u00cdKOVO Rekre\u00e1cia a pren\u00e1jom k\u00e1no\u00ed","robots":{"index":"index","follow":"follow","max-snippet":"max-snippet:-1","max-image-preview":"max-image-preview:large","max-video-preview":"max-video-preview:-1"},"canonical":"https:\/\/www.bodikovo.sk\/?page_id=22","og_locale":"sk_SK","og_type":"article","og_title":"Rekre\u00e1cia a pren\u00e1jom k\u00e1no\u00ed - BOD\u00cdKOVO","og_description":"BOD\u00cdKOVO Rekre\u00e1cia a pren\u00e1jom k\u00e1no\u00ed","og_url":"https:\/\/www.bodikovo.sk\/?page_id=22","og_site_name":"BOD\u00cdKOVO","article_modified_time":"2022-12-31T09:34:03+00:00","twitter_card":"summary_large_image","twitter_misc":{"Predpokladan\u00fd \u010das \u010d\u00edtania":"3 min\u00faty"},"schema":{"@context":"https:\/\/schema.org","@graph":[{"@type":"WebSite","@id":"https:\/\/www.bodikovo.sk\/#website","url":"https:\/\/www.bodikovo.sk\/","name":"BOD\u00cdKOVO","description":"Bod\u00edkovo, kto sk\u00fasi, v\u017edy sa vr\u00e1ti!","potentialAction":[{"@type":"SearchAction","target":{"@type":"EntryPoint","urlTemplate":"https:\/\/www.bodikovo.sk\/?s={search_term_string}"},"query-input":"required name=search_term_string"}],"inLanguage":"sk-SK"},{"@type":"ImageObject","@id":"https:\/\/www.bodikovo.sk\/?page_id=22#primaryimage","inLanguage":"sk-SK","url":"","contentUrl":""},{"@type":"WebPage","@id":"https:\/\/www.bodikovo.sk\/?page_id=22#webpage","url":"https:\/\/www.bodikovo.sk\/?page_id=22","name":"Rekre\u00e1cia a pren\u00e1jom k\u00e1no\u00ed - BOD\u00cdKOVO","isPartOf":{"@id":"https:\/\/www.bodikovo.sk\/#website"},"primaryImageOfPage":{"@id":"https:\/\/www.bodikovo.sk\/?page_id=22#primaryimage"},"datePublished":"2022-02-12T17:34:25+00:00","dateModified":"2022-12-31T09:34:03+00:00","description":"BOD\u00cdKOVO Rekre\u00e1cia a pren\u00e1jom k\u00e1no\u00ed","breadcrumb":{"@id":"https:\/\/www.bodikovo.sk\/?page_id=22#breadcrumb"},"inLanguage":"sk-SK","potentialAction":[{"@type":"ReadAction","target":["https:\/\/www.bodikovo.sk\/?page_id=22"]}]},{"@type":"BreadcrumbList","@id":"https:\/\/www.bodikovo.sk\/?page_id=22#breadcrumb","itemListElement":[{"@type":"ListItem","position":1,"name":"Home","item":"https:\/\/www.bodikovo.sk\/"},{"@type":"ListItem","position":2,"name":"Rekre\u00e1cia a pren\u00e1jom k\u00e1no\u00ed"}]}]}},"_links":{"self":[{"href":"https:\/\/www.bodikovo.sk\/index.php?rest_route=\/wp\/v2\/pages\/22"}],"collection":[{"href":"https:\/\/www.bodikovo.sk\/index.php?rest_route=\/wp\/v2\/pages"}],"about":[{"href":"https:\/\/www.bodikovo.sk\/index.php?rest_route=\/wp\/v2\/types\/page"}],"author":[{"embeddable":true,"href":"https:\/\/www.bodikovo.sk\/index.php?rest_route=\/wp\/v2\/users\/1"}],"replies":[{"embeddable":true,"href":"https:\/\/www.bodikovo.sk\/index.php?rest_route=%2Fwp%2Fv2%2Fcomments&post=22"}],"version-history":[{"count":5,"href":"https:\/\/www.bodikovo.sk\/index.php?rest_route=\/wp\/v2\/pages\/22\/revisions"}],"predecessor-version":[{"id":161,"href":"https:\/\/www.bodikovo.sk\/index.php?rest_route=\/wp\/v2\/pages\/22\/revisions\/161"}],"wp:attachment":[{"href":"https:\/\/www.bodikovo.sk\/index.php?rest_route=%2Fwp%2Fv2%2Fmedia&parent=22"}],"curies":[{"name":"wp","href":"https:\/\/api.w.org\/{rel}","templated":true}]}}