{"id":44,"date":"2022-03-31T14:44:46","date_gmt":"2022-03-31T12:44:46","guid":{"rendered":"https:\/\/www.bodikovo.sk\/?page_id=44"},"modified":"2022-03-31T16:15:07","modified_gmt":"2022-03-31T14:15:07","slug":"kontakt","status":"publish","type":"page","link":"https:\/\/www.bodikovo.sk\/?page_id=44","title":{"rendered":"Kontakt"},"content":{"rendered":"\n<p>MENO: Mgr. Stanislav \u010c\u00e1p<\/p>\n\n\n\n<p>TEL: +421 (0)915 892 666<\/p>\n\n\n\n<p>e-mail: villabodiky@gmail.com<\/p>\n\n\n\n<p>Adresa: Bod\u00edky 20, 930 31 Bod\u00edky<\/p>\n\n\n\n<iframe src=\"https:\/\/www.google.com\/maps\/embed?pb=!1m18!1m12!1m3!1d1890.6408914336705!2d17.460723742035483!3d47.92148780706084!2m3!1f0!2f0!3f0!3m2!1i1024!2i768!4f13.1!3m3!1m2!1s0x476b8442153f0f1f%3A0x50c85f6880fe0628!2zQm9kw61rb3Zv!5e0!3m2!1ssk!2ssk!4v1648735944010!5m2!1ssk!2ssk\" width=\"600\" height=\"450\" style=\"border:0;\" allowfullscreen=\"\" loading=\"lazy\" referrerpolicy=\"no-referrer-when-downgrade\"><\/iframe>\n","protected":false},"excerpt":{"rendered":"<p>MENO: Mgr. Stanislav \u010c\u00e1p TEL: +421 (0)915 892 666 e-mail: villabodiky@gmail.com Adresa: Bod\u00edky 20, 930 31 Bod\u00edky<\/p>\n","protected":false},"author":1,"featured_media":0,"parent":0,"menu_order":0,"comment_status":"closed","ping_status":"closed","template":"","meta":{"_monsterinsights_skip_tracking":false,"_monsterinsights_sitenote_active":false,"_monsterinsights_sitenote_note":"","_monsterinsights_sitenote_category":0},"yoast_head":"<!-- This site is optimized with the Yoast SEO plugin v18.4.1 - https:\/\/yoast.com\/wordpress\/plugins\/seo\/ -->\n<title>Kontakt - BOD\u00cdKOVO<\/title>\n<meta name=\"robots\" content=\"index, follow, max-snippet:-1, max-image-preview:large, max-video-preview:-1\" \/>\n<link rel=\"canonical\" href=\"https:\/\/www.bodikovo.sk\/?page_id=44\" \/>\n<meta property=\"og:locale\" content=\"sk_SK\" \/>\n<meta property=\"og:type\" content=\"article\" \/>\n<meta property=\"og:title\" content=\"Kontakt - BOD\u00cdKOVO\" \/>\n<meta property=\"og:description\" content=\"MENO: Mgr. Stanislav \u010c\u00e1p TEL: +421 (0)915 892 666 e-mail: villabodiky@gmail.com Adresa: Bod\u00edky 20, 930 31 Bod\u00edky\" \/>\n<meta property=\"og:url\" content=\"https:\/\/www.bodikovo.sk\/?page_id=44\" \/>\n<meta property=\"og:site_name\" content=\"BOD\u00cdKOVO\" \/>\n<meta property=\"article:modified_time\" content=\"2022-03-31T14:15:07+00:00\" \/>\n<meta name=\"twitter:card\" content=\"summary_large_image\" \/>\n<meta name=\"twitter:label1\" content=\"Predpokladan\u00fd \u010das \u010d\u00edtania\" \/>\n\t<meta name=\"twitter:data1\" content=\"1 min\u00fata\" \/>\n<script type=\"application\/ld+json\" class=\"yoast-schema-graph\">{\"@context\":\"https:\/\/schema.org\",\"@graph\":[{\"@type\":\"WebSite\",\"@id\":\"https:\/\/www.bodikovo.sk\/#website\",\"url\":\"https:\/\/www.bodikovo.sk\/\",\"name\":\"BOD\u00cdKOVO\",\"description\":\"Bod\u00edkovo, kto sk\u00fasi, v\u017edy sa vr\u00e1ti!\",\"potentialAction\":[{\"@type\":\"SearchAction\",\"target\":{\"@type\":\"EntryPoint\",\"urlTemplate\":\"https:\/\/www.bodikovo.sk\/?s={search_term_string}\"},\"query-input\":\"required name=search_term_string\"}],\"inLanguage\":\"sk-SK\"},{\"@type\":\"WebPage\",\"@id\":\"https:\/\/www.bodikovo.sk\/?page_id=44#webpage\",\"url\":\"https:\/\/www.bodikovo.sk\/?page_id=44\",\"name\":\"Kontakt - BOD\u00cdKOVO\",\"isPartOf\":{\"@id\":\"https:\/\/www.bodikovo.sk\/#website\"},\"datePublished\":\"2022-03-31T12:44:46+00:00\",\"dateModified\":\"2022-03-31T14:15:07+00:00\",\"breadcrumb\":{\"@id\":\"https:\/\/www.bodikovo.sk\/?page_id=44#breadcrumb\"},\"inLanguage\":\"sk-SK\",\"potentialAction\":[{\"@type\":\"ReadAction\",\"target\":[\"https:\/\/www.bodikovo.sk\/?page_id=44\"]}]},{\"@type\":\"BreadcrumbList\",\"@id\":\"https:\/\/www.bodikovo.sk\/?page_id=44#breadcrumb\",\"itemListElement\":[{\"@type\":\"ListItem\",\"position\":1,\"name\":\"Home\",\"item\":\"https:\/\/www.bodikovo.sk\/\"},{\"@type\":\"ListItem\",\"position\":2,\"name\":\"Kontakt\"}]}]}<\/script>\n<!-- \/ Yoast SEO plugin. -->","yoast_head_json":{"title":"Kontakt - BOD\u00cdKOVO","robots":{"index":"index","follow":"follow","max-snippet":"max-snippet:-1","max-image-preview":"max-image-preview:large","max-video-preview":"max-video-preview:-1"},"canonical":"https:\/\/www.bodikovo.sk\/?page_id=44","og_locale":"sk_SK","og_type":"article","og_title":"Kontakt - BOD\u00cdKOVO","og_description":"MENO: Mgr. Stanislav \u010c\u00e1p TEL: +421 (0)915 892 666 e-mail: villabodiky@gmail.com Adresa: Bod\u00edky 20, 930 31 Bod\u00edky","og_url":"https:\/\/www.bodikovo.sk\/?page_id=44","og_site_name":"BOD\u00cdKOVO","article_modified_time":"2022-03-31T14:15:07+00:00","twitter_card":"summary_large_image","twitter_misc":{"Predpokladan\u00fd \u010das \u010d\u00edtania":"1 min\u00fata"},"schema":{"@context":"https:\/\/schema.org","@graph":[{"@type":"WebSite","@id":"https:\/\/www.bodikovo.sk\/#website","url":"https:\/\/www.bodikovo.sk\/","name":"BOD\u00cdKOVO","description":"Bod\u00edkovo, kto sk\u00fasi, v\u017edy sa vr\u00e1ti!","potentialAction":[{"@type":"SearchAction","target":{"@type":"EntryPoint","urlTemplate":"https:\/\/www.bodikovo.sk\/?s={search_term_string}"},"query-input":"required name=search_term_string"}],"inLanguage":"sk-SK"},{"@type":"WebPage","@id":"https:\/\/www.bodikovo.sk\/?page_id=44#webpage","url":"https:\/\/www.bodikovo.sk\/?page_id=44","name":"Kontakt - BOD\u00cdKOVO","isPartOf":{"@id":"https:\/\/www.bodikovo.sk\/#website"},"datePublished":"2022-03-31T12:44:46+00:00","dateModified":"2022-03-31T14:15:07+00:00","breadcrumb":{"@id":"https:\/\/www.bodikovo.sk\/?page_id=44#breadcrumb"},"inLanguage":"sk-SK","potentialAction":[{"@type":"ReadAction","target":["https:\/\/www.bodikovo.sk\/?page_id=44"]}]},{"@type":"BreadcrumbList","@id":"https:\/\/www.bodikovo.sk\/?page_id=44#breadcrumb","itemListElement":[{"@type":"ListItem","position":1,"name":"Home","item":"https:\/\/www.bodikovo.sk\/"},{"@type":"ListItem","position":2,"name":"Kontakt"}]}]}},"_links":{"self":[{"href":"https:\/\/www.bodikovo.sk\/index.php?rest_route=\/wp\/v2\/pages\/44"}],"collection":[{"href":"https:\/\/www.bodikovo.sk\/index.php?rest_route=\/wp\/v2\/pages"}],"about":[{"href":"https:\/\/www.bodikovo.sk\/index.php?rest_route=\/wp\/v2\/types\/page"}],"author":[{"embeddable":true,"href":"https:\/\/www.bodikovo.sk\/index.php?rest_route=\/wp\/v2\/users\/1"}],"replies":[{"embeddable":true,"href":"https:\/\/www.bodikovo.sk\/index.php?rest_route=%2Fwp%2Fv2%2Fcomments&post=44"}],"version-history":[{"count":4,"href":"https:\/\/www.bodikovo.sk\/index.php?rest_route=\/wp\/v2\/pages\/44\/revisions"}],"predecessor-version":[{"id":104,"href":"https:\/\/www.bodikovo.sk\/index.php?rest_route=\/wp\/v2\/pages\/44\/revisions\/104"}],"wp:attachment":[{"href":"https:\/\/www.bodikovo.sk\/index.php?rest_route=%2Fwp%2Fv2%2Fmedia&parent=44"}],"curies":[{"name":"wp","href":"https:\/\/api.w.org\/{rel}","templated":true}]}}